{"id":21,"date":"2020-03-22T17:56:24","date_gmt":"2020-03-22T16:56:24","guid":{"rendered":"http:\/\/lesormes89110.fr\/?page_id=21"},"modified":"2024-07-11T19:27:59","modified_gmt":"2024-07-11T17:27:59","slug":"numeros-utiles","status":"publish","type":"page","link":"https:\/\/lesormes89110.fr\/index.php\/numeros-utiles\/","title":{"rendered":"Num\u00e9ros utiles"},"content":{"rendered":"\n<hr class=\"wp-block-separator has-css-opacity\"\/>\n\n\n\n<p style=\"text-align: center;\"><strong>Pour prendre rendez-vous avec les professionnels de sant\u00e9 de la Maison m\u00e9dicale de l&rsquo;Aillantais :<\/strong><\/p>\n<p style=\"text-align: center;\">Adresse : 16 bis, rue Charles de Gaulle \u00e0 Aillant-sur-Tholon (MONTHOLON)<\/p>\n<table style=\"border-collapse: collapse; width: 100%; height: 1333px;\">\n<tbody>\n<tr style=\"height: 320px;\">\n<td style=\"text-align: center; vertical-align: top; height: 320px;\" scope=\"colgroup\">\n<p><span style=\"color: #0000ff;\">Manuelle CALLE<\/span><\/p>\n<p><strong>Psychologue clinicien &#8211; Psychoth\u00e9rapeute<\/strong><\/p>\n<p>T\u00e9l : 06 02 12 99 10<\/p>\n<\/td>\n<td style=\"text-align: center; vertical-align: top; height: 320px;\" scope=\"colgroup\">\n<p><span style=\"color: #0000ff;\">Docteur Philippe BERGER<\/span><\/p>\n<p><strong>M\u00e9decine G\u00e9n\u00e9rale<\/strong><\/p>\n<p>\u00a0<\/p>\n<p><span style=\"font-family: inherit; font-size: inherit; font-weight: inherit;\">Consultation sur rendez-vous<\/span><\/p>\n<p>t\u00e9l : 03 86 63 45 45<\/p>\n<\/td>\n<td style=\"text-align: center; vertical-align: top; height: 320px;\" scope=\"colgroup\">\n<p><span style=\"color: #0000ff;\">Docteur Thierry PINAS<\/span><\/p>\n<p>de la facult\u00e9 de m\u00e9decine de Marseille<\/p>\n<p><strong>M\u00e9decine G\u00e9n\u00e9rale<\/strong><\/p>\n<p>Consultation sur rendez-vous<\/p>\n<p>Visite \u00e0 domicile<\/p>\n<p>t\u00e9l : 03 86 73 02 92<\/p>\n<\/td>\n<\/tr>\n<tr style=\"height: 324px;\">\n<td style=\"text-align: center; vertical-align: top; height: 324px;\" scope=\"colgroup\">\n<p><span style=\"color: #0000ff;\">Docteur Brigitte GUILBERT<\/span><\/p>\n<p><strong>M\u00e9decine G\u00e9n\u00e9rale<\/strong><\/p>\n<p>Enfants\/Adultes<\/p>\n<p>Consultation sur rendez-vous<\/p>\n<p>t\u00e9l : 03 10 00 24 12\u00a0<\/p>\n<p>\u00a0 \u00a0 \u00a0 03 79 05 00 21<\/p>\n<\/td>\n<td style=\"text-align: center; vertical-align: top; height: 324px;\" scope=\"colgroup\">\n<p><span style=\"color: #0000ff;\">Docteur Olivier ORTEGA<\/span><\/p>\n<p>de la facult\u00e9 de m\u00e9decine de Dijon<\/p>\n<p>Ancien interne du C.H.U de Montpellier<\/p>\n<p><strong>PNEUMOLOGUE<\/strong><\/p>\n<p>Consultation sur rendez-vous<\/p>\n<p>t\u00e9l : 03 58 44 04 73<\/p>\n<\/td>\n<td style=\"text-align: center; vertical-align: top; height: 324px;\" scope=\"colgroup\">\n<p><span style=\"color: #0000ff;\">Isabelle AVILA<\/span><\/p>\n<p><strong>Infirmi\u00e8re D.E.<\/strong><\/p>\n<p>T\u00e9l : 03 86 63 42 49<\/p>\n<\/td>\n<\/tr>\n<tr style=\"height: 201px;\">\n<td style=\"text-align: center; vertical-align: top; height: 201px;\" scope=\"colgroup\">\n<p><span style=\"color: #0000ff;\">Sandrine BOUISSET<\/span><\/p>\n<p><strong>Infirmi\u00e8re D.E.<\/strong><\/p>\n<p>T\u00e9l : 03 86 63 42 49<\/p>\n<\/td>\n<td style=\"text-align: center; vertical-align: top; height: 201px;\" scope=\"colgroup\">\n<p><span style=\"color: #0000ff;\">Xavier PIGEON<\/span><\/p>\n<p><strong>Infirmier D.E.<\/strong><\/p>\n<p>T\u00e9l : 03 86 63 42 49<\/p>\n<\/td>\n<td style=\"text-align: center; vertical-align: top; height: 201px;\" scope=\"colgroup\">\n<p><span style=\"color: #0000ff;\">Rapha\u00ealle BRYLINSKI<\/span><\/p>\n<p><strong>Psychologue &#8211; Psychoth\u00e9rapeute<\/strong><\/p>\n<p>T\u00e9l : 06 07 26 90 93<\/p>\n<\/td>\n<\/tr>\n<tr style=\"height: 269px;\">\n<td style=\"text-align: center; vertical-align: top; height: 269px;\" scope=\"colgroup\">\n<p><span style=\"color: #0000ff;\">Yann MENY<\/span><\/p>\n<p><strong>Psychologue clinicien &#8211; Psychoth\u00e9rapeute<\/strong><\/p>\n<p>T\u00e9l : 07 66 72 77 63<\/p>\n<\/td>\n<td style=\"text-align: center; vertical-align: top; height: 269px;\" scope=\"colgroup\">\n<p><span style=\"color: #0000ff;\">Thibault MAUREL<\/span><\/p>\n<p><strong>P\u00e9dicure &#8211; Podologue<\/strong><\/p>\n<p>Soins en cabinet et domicile<\/p>\n<p>Semelles orthop\u00e9diques<\/p>\n<p>T\u00e9l : 06 48 72 29 89<\/p>\n<\/td>\n<td style=\"text-align: center; vertical-align: top; height: 269px;\" scope=\"colgroup\">\n<p><span style=\"color: #0000ff;\">Audrey BOUTLOUP<\/span><\/p>\n<p><strong>Masseur Kin\u00e9sith\u00e9rapeute D.E<\/strong><\/p>\n<p>IFMK de Nancy<\/p>\n<p>T\u00e9l : 03 86 56 45 48\u00a0\u00a0 \u00a0 \u00a0\u00a0<\/p>\n<\/td>\n<\/tr>\n<tr style=\"height: 219px;\">\n<td style=\"text-align: center; vertical-align: top; height: 219px;\" scope=\"colgroup\">\n<p><span style=\"color: #0000ff;\">Nicolas GASTINEAU<\/span><\/p>\n<p><strong>Ost\u00e9opathe<\/strong><\/p>\n<p>sur rendez-vous<\/p>\n<p>T\u00e9l : 06 02 50 54 84<\/p>\n<\/td>\n<td style=\"text-align: center; vertical-align: top; height: 219px;\" scope=\"colgroup\">\u00a0<\/td>\n<td style=\"text-align: center; vertical-align: top; height: 219px;\" scope=\"colgroup\">\n<p><span style=\"color: #0000ff;\">Jean-Tristan LUX<\/span><\/p>\n<p><strong>Ost\u00e9opathe<\/strong><\/p>\n<p>sur rendez-vous<\/p>\n<p>T\u00e9l : 06 02 50 54 84<\/p>\n<\/td>\n<\/tr>\n<\/tbody>\n<\/table>\n","protected":false},"excerpt":{"rendered":"<p>Pour prendre rendez-vous avec les professionnels de sant\u00e9 de la Maison m\u00e9dicale de l&rsquo;Aillantais : Adresse : 16 bis, rue Charles de Gaulle \u00e0 Aillant-sur-Tholon (MONTHOLON) Manuelle CALLE Psychologue clinicien &#8211; Psychoth\u00e9rapeute T\u00e9l : 06 02 12 99 10 Docteur Philippe BERGER M\u00e9decine G\u00e9n\u00e9rale \u00a0 Consultation sur rendez-vous t\u00e9l : 03 86 63 45 45 &hellip; <a href=\"https:\/\/lesormes89110.fr\/index.php\/numeros-utiles\/\" class=\"more-link\">Continuer la lecture<span class=\"screen-reader-text\"> de &laquo;&nbsp;Num\u00e9ros utiles&nbsp;&raquo;<\/span><\/a><\/p>\n","protected":false},"author":1,"featured_media":0,"parent":0,"menu_order":0,"comment_status":"closed","ping_status":"closed","template":"","meta":{"footnotes":""},"class_list":["post-21","page","type-page","status-publish","hentry"],"aioseo_notices":[],"_links":{"self":[{"href":"https:\/\/lesormes89110.fr\/index.php\/wp-json\/wp\/v2\/pages\/21","targetHints":{"allow":["GET"]}}],"collection":[{"href":"https:\/\/lesormes89110.fr\/index.php\/wp-json\/wp\/v2\/pages"}],"about":[{"href":"https:\/\/lesormes89110.fr\/index.php\/wp-json\/wp\/v2\/types\/page"}],"author":[{"embeddable":true,"href":"https:\/\/lesormes89110.fr\/index.php\/wp-json\/wp\/v2\/users\/1"}],"replies":[{"embeddable":true,"href":"https:\/\/lesormes89110.fr\/index.php\/wp-json\/wp\/v2\/comments?post=21"}],"version-history":[{"count":17,"href":"https:\/\/lesormes89110.fr\/index.php\/wp-json\/wp\/v2\/pages\/21\/revisions"}],"predecessor-version":[{"id":1926,"href":"https:\/\/lesormes89110.fr\/index.php\/wp-json\/wp\/v2\/pages\/21\/revisions\/1926"}],"wp:attachment":[{"href":"https:\/\/lesormes89110.fr\/index.php\/wp-json\/wp\/v2\/media?parent=21"}],"curies":[{"name":"wp","href":"https:\/\/api.w.org\/{rel}","templated":true}]}}