{"id":458,"date":"2020-05-30T09:45:07","date_gmt":"2020-05-30T07:45:07","guid":{"rendered":"https:\/\/lesormes89110.fr\/?page_id=458"},"modified":"2024-11-21T12:50:31","modified_gmt":"2024-11-21T11:50:31","slug":"accueil","status":"publish","type":"page","link":"https:\/\/lesormes89110.fr\/","title":{"rendered":"Accueil"},"content":{"rendered":"\n\n\n<div class=\"wp-block-group alignwide\"><div class=\"wp-block-group__inner-container is-layout-flow wp-block-group-is-layout-flow\">\n<hr class=\"wp-block-separator has-css-opacity\"\/>\n<\/div><\/div>\n\n\n\n<hr class=\"wp-block-separator has-css-opacity\"\/>\n\n\n\n<p>La mairie \u00ab\u00a0Les Ormes\u00a0\u00bb vous souhaite la bienvenue sur le site officiel.<\/p>\n<p><br><span style=\"text-decoration: underline;\"><strong>Adresse de la mairie :<\/strong><\/span><br>9 Place de la Lib\u00e9ration 89110 LES ORMES<\/p>\n\n\n\n<p><span style=\"text-decoration: underline;\"><strong>Horaires d&rsquo;ouverture de la mairie :<\/strong><\/span><\/p>\n<p>Mardi de 10h00 \u00e0 12h00<\/p>\n<p>Jeudi de 10h00 \u00e0 12h00 et 14h00 \u00e0 18h00<\/p>\n<p>Vendredi de 14H00 \u00e0 16H00<\/p>\n\n\n\n<p>Vous pouvez&nbsp;<strong>t\u00e9l\u00e9phoner \u00e0 la mairie des Ormes<\/strong>&nbsp;aux horaires d&rsquo;ouverture indiqu\u00e9s ci-dessus<\/p>\n\n\n\n<p><strong>T\u00e9l\u00e9phone : <a class=\"aioseop-link\" href=\"tel:0386736363\">03 86 73 63 63<\/a><\/strong><\/p>\n<p>En cas d&rsquo;urgence : <strong><a class=\"aioseop-link\" href=\"tel:0670035907\">06 70 03 59 07<\/a><\/strong><\/p>\n<p><strong>Courriel :\u00a0<\/strong><a class=\"aioseop-link\" href=\"mailto:mairie.lesormes89@orange.fr\">mairie.lesormes89@orange.fr\u00a0<\/a><\/p>\n<p>\u00a0<\/p>\n<p>\u00a0<\/p>\n","protected":false},"excerpt":{"rendered":"<p>La mairie \u00ab\u00a0Les Ormes\u00a0\u00bb vous souhaite la bienvenue sur le site officiel. Adresse de la mairie :9 Place de la Lib\u00e9ration 89110 LES ORMES Horaires d&rsquo;ouverture de la mairie : Mardi de 10h00 \u00e0 12h00 Jeudi de 10h00 \u00e0 12h00 et 14h00 \u00e0 18h00 Vendredi de 14H00 \u00e0 16H00 Vous pouvez&nbsp;t\u00e9l\u00e9phoner \u00e0 la mairie des &hellip; <a href=\"https:\/\/lesormes89110.fr\/\" class=\"more-link\">Continuer la lecture<span class=\"screen-reader-text\"> de &laquo;&nbsp;Accueil&nbsp;&raquo;<\/span><\/a><\/p>\n","protected":false},"author":1,"featured_media":192,"parent":0,"menu_order":0,"comment_status":"closed","ping_status":"closed","template":"","meta":{"footnotes":""},"class_list":["post-458","page","type-page","status-publish","has-post-thumbnail","hentry"],"aioseo_notices":[],"_links":{"self":[{"href":"https:\/\/lesormes89110.fr\/index.php\/wp-json\/wp\/v2\/pages\/458","targetHints":{"allow":["GET"]}}],"collection":[{"href":"https:\/\/lesormes89110.fr\/index.php\/wp-json\/wp\/v2\/pages"}],"about":[{"href":"https:\/\/lesormes89110.fr\/index.php\/wp-json\/wp\/v2\/types\/page"}],"author":[{"embeddable":true,"href":"https:\/\/lesormes89110.fr\/index.php\/wp-json\/wp\/v2\/users\/1"}],"replies":[{"embeddable":true,"href":"https:\/\/lesormes89110.fr\/index.php\/wp-json\/wp\/v2\/comments?post=458"}],"version-history":[{"count":33,"href":"https:\/\/lesormes89110.fr\/index.php\/wp-json\/wp\/v2\/pages\/458\/revisions"}],"predecessor-version":[{"id":1668,"href":"https:\/\/lesormes89110.fr\/index.php\/wp-json\/wp\/v2\/pages\/458\/revisions\/1668"}],"wp:featuredmedia":[{"embeddable":true,"href":"https:\/\/lesormes89110.fr\/index.php\/wp-json\/wp\/v2\/media\/192"}],"wp:attachment":[{"href":"https:\/\/lesormes89110.fr\/index.php\/wp-json\/wp\/v2\/media?parent=458"}],"curies":[{"name":"wp","href":"https:\/\/api.w.org\/{rel}","templated":true}]}}