{"id":504,"date":"2020-05-30T10:23:56","date_gmt":"2020-05-30T08:23:56","guid":{"rendered":"https:\/\/lesormes89110.fr\/?page_id=504"},"modified":"2022-07-15T10:30:07","modified_gmt":"2022-07-15T08:30:07","slug":"associations","status":"publish","type":"page","link":"https:\/\/lesormes89110.fr\/index.php\/associations\/","title":{"rendered":"Associations"},"content":{"rendered":"\n<div class=\"wp-block-buttons is-content-justification-center is-layout-flex wp-block-buttons-is-layout-flex\">\n<div class=\"wp-block-button\"><a class=\"wp-block-button__link\" href=\"https:\/\/www.facebook.com\/AvenirDesOrmes\/\" target=\"_blank\" rel=\"noreferrer noopener\">L&rsquo;avenir Des Ormes<\/a><\/div>\n<\/div>\n\n\n\n<div class=\"wp-block-image\"><figure class=\"aligncenter size-full\"><img loading=\"lazy\" decoding=\"async\" width=\"104\" height=\"90\" src=\"https:\/\/lesormes89110.fr\/wp-content\/uploads\/2022\/07\/LOGO-avenir.png\" alt=\"\" class=\"wp-image-1534\"\/><\/figure><\/div>\n\n\n\n<p>Association de village qui met en place des manifestations et f\u00eates diverses, dont les b\u00e9n\u00e9fices sont destin\u00e9s \u00e0 organiser le No\u00ebl des enfants habitant Les Ormes (Omelette g\u00e9ante, vide grenier etc)<\/p>\n\n\n\n<hr class=\"wp-block-separator\"\/>\n\n\n\n<div class=\"wp-block-buttons is-content-justification-center is-layout-flex wp-block-buttons-is-layout-flex\">\n<div class=\"wp-block-button\"><a class=\"wp-block-button__link\" href=\"https:\/\/lesormes89110.fr\/index.php\/associations\/?preview_id=504&amp;preview_nonce=9b781bb790&amp;preview=true\">L&rsquo;Ormoise<\/a><\/div>\n<\/div>\n\n\n\n<div class=\"wp-block-image is-style-rounded\"><figure class=\"aligncenter size-full\"><img loading=\"lazy\" decoding=\"async\" width=\"212\" height=\"135\" src=\"https:\/\/lesormes89110.fr\/wp-content\/uploads\/2022\/07\/image.png\" alt=\"\" class=\"wp-image-1531\"\/><\/figure><\/div>\n\n\n\n<p>Cette association a pour objectifs, d&rsquo;organiser et promouvoir des manifestations culturelles et festives, des activit\u00e9s \u00e9ducatives, sociales, sportives et de loisirs en vue de cr\u00e9er, dans un esprit d&rsquo;entraide et d&rsquo;amiti\u00e9, l&rsquo;animation du village.<\/p>\n","protected":false},"excerpt":{"rendered":"<p>Association de village qui met en place des manifestations et f\u00eates diverses, dont les b\u00e9n\u00e9fices sont destin\u00e9s \u00e0 organiser le No\u00ebl des enfants habitant Les Ormes (Omelette g\u00e9ante, vide grenier etc) Cette association a pour objectifs, d&rsquo;organiser et promouvoir des manifestations culturelles et festives, des activit\u00e9s \u00e9ducatives, sociales, sportives et de loisirs en vue de &hellip; <a href=\"https:\/\/lesormes89110.fr\/index.php\/associations\/\" class=\"more-link\">Continuer la lecture<span class=\"screen-reader-text\"> de &laquo;&nbsp;Associations&nbsp;&raquo;<\/span><\/a><\/p>\n","protected":false},"author":1,"featured_media":0,"parent":0,"menu_order":0,"comment_status":"closed","ping_status":"closed","template":"","meta":{"footnotes":""},"class_list":["post-504","page","type-page","status-publish","hentry"],"aioseo_notices":[],"_links":{"self":[{"href":"https:\/\/lesormes89110.fr\/index.php\/wp-json\/wp\/v2\/pages\/504","targetHints":{"allow":["GET"]}}],"collection":[{"href":"https:\/\/lesormes89110.fr\/index.php\/wp-json\/wp\/v2\/pages"}],"about":[{"href":"https:\/\/lesormes89110.fr\/index.php\/wp-json\/wp\/v2\/types\/page"}],"author":[{"embeddable":true,"href":"https:\/\/lesormes89110.fr\/index.php\/wp-json\/wp\/v2\/users\/1"}],"replies":[{"embeddable":true,"href":"https:\/\/lesormes89110.fr\/index.php\/wp-json\/wp\/v2\/comments?post=504"}],"version-history":[{"count":4,"href":"https:\/\/lesormes89110.fr\/index.php\/wp-json\/wp\/v2\/pages\/504\/revisions"}],"predecessor-version":[{"id":1535,"href":"https:\/\/lesormes89110.fr\/index.php\/wp-json\/wp\/v2\/pages\/504\/revisions\/1535"}],"wp:attachment":[{"href":"https:\/\/lesormes89110.fr\/index.php\/wp-json\/wp\/v2\/media?parent=504"}],"curies":[{"name":"wp","href":"https:\/\/api.w.org\/{rel}","templated":true}]}}