{"id":505,"date":"2020-05-30T10:23:56","date_gmt":"2020-05-30T08:23:56","guid":{"rendered":"https:\/\/lesormes89110.fr\/?page_id=505"},"modified":"2021-08-01T20:19:39","modified_gmt":"2021-08-01T18:19:39","slug":"entreprises","status":"publish","type":"page","link":"https:\/\/lesormes89110.fr\/index.php\/entreprises\/","title":{"rendered":"Entreprises"},"content":{"rendered":"\n<p>Si vous \u00eates de la commune \u00ab\u00a0Les Ormes\u00a0\u00bb et que votre entreprise n\u2019appara\u00eet pas ici, vous pouvez en faire la demande (par l&rsquo;interm\u00e9diaire de la page Contact ou en mairie).<\/p>\n<p>&nbsp;<\/p>\n<p>&nbsp;<\/p>\n<p>&nbsp;<\/p>\n\n\n\n<div class=\"wp-block-media-text alignwide is-stacked-on-mobile is-vertically-aligned-center has-background\"><figure class=\"wp-block-media-text__media\"><a href=\"https:\/\/ideamots.fr\/\" target=\"_blank\" rel=\"noopener noreferrer\"><img loading=\"lazy\" decoding=\"async\" width=\"957\" height=\"803\" src=\"https:\/\/lesormes89110.fr\/wp-content\/uploads\/2020\/06\/AnnickRecadre.jpg\" alt=\"\" class=\"wp-image-740 size-full\" srcset=\"https:\/\/lesormes89110.fr\/wp-content\/uploads\/2020\/06\/AnnickRecadre.jpg 957w, https:\/\/lesormes89110.fr\/wp-content\/uploads\/2020\/06\/AnnickRecadre-300x252.jpg 300w, https:\/\/lesormes89110.fr\/wp-content\/uploads\/2020\/06\/AnnickRecadre-768x644.jpg 768w\" sizes=\"auto, (max-width: 709px) 85vw, (max-width: 909px) 67vw, (max-width: 1362px) 62vw, 840px\" \/><\/a><\/figure><div class=\"wp-block-media-text__content\">\n<marquee behavior=\"alternate\">&#8212; \n Id\u00e9amots  &#8212;&nbsp;<\/marquee>\n\n\n\n<p style=\"text-align: center;\">R\u00e9dactrice, coach r\u00e9dactionnelle pour webentrepreneurs et biographe:<\/p>\n<ul style=\"text-align: center;\">\n<li>Strat\u00e9gie de contenus : articles de blog, newsletters, landing pages.<\/li>\n<li>Ecriture de livres pratiques et d&rsquo;ebooks &#8230;<\/li>\n<\/ul>\n<p style=\"text-align: center;\"><strong>07 81 40 46 75<\/strong><\/p>\n<p style=\"text-align: center;\">site :&nbsp; <a href=\"https:\/\/ideamots.fr\/\" target=\"_blank\" rel=\"noopener noreferrer\">https:\/\/ideamots.fr\/<\/a><\/p>\n<p style=\"text-align: center;\">Facebook: <a href=\"http:\/\/www.facebook.com\/ideamots\" target=\"_blank\" rel=\"noopener noreferrer\">www.facebook.com\/ideamots<\/a><\/p>\n<p style=\"text-align: center;\">@ : <a href=\"mailto:contact@ideamots.fr\">contact@ideamots.fr<\/a><\/p>\n<\/div><\/div>\n\n\n\n<hr class=\"wp-block-separator\"\/>\n\n\n\n<div class=\"wp-block-group\"><div class=\"wp-block-group__inner-container is-layout-flow wp-block-group-is-layout-flow\">\n<div class=\"wp-block-media-text alignwide is-image-fill is-stacked-on-mobile has-background\" style=\"background-color:#000000\"><figure class=\"wp-block-media-text__media\" style=\"background-image:url(https:\/\/lesormes89110.fr\/wp-content\/uploads\/2020\/06\/CV-KSD-R.jpg);background-position:50% 50%\"><img loading=\"lazy\" decoding=\"async\" width=\"251\" height=\"382\" src=\"https:\/\/lesormes89110.fr\/wp-content\/uploads\/2020\/06\/CV-KSD-R.jpg\" alt=\"\" class=\"wp-image-669 size-full\" srcset=\"https:\/\/lesormes89110.fr\/wp-content\/uploads\/2020\/06\/CV-KSD-R.jpg 251w, https:\/\/lesormes89110.fr\/wp-content\/uploads\/2020\/06\/CV-KSD-R-197x300.jpg 197w\" sizes=\"auto, (max-width: 251px) 85vw, 251px\" \/><\/figure><div class=\"wp-block-media-text__content\">\n<p class=\"has-large-font-size\"><a href=\"http:\/\/ksdiffusion.com\/\"><img loading=\"lazy\" decoding=\"async\" class=\"aligncenter wp-image-670 size-full\" src=\"https:\/\/lesormes89110.fr\/wp-content\/uploads\/2020\/06\/CV-KSD-V.jpg\" alt=\"\" width=\"248\" height=\"383\" srcset=\"https:\/\/lesormes89110.fr\/wp-content\/uploads\/2020\/06\/CV-KSD-V.jpg 248w, https:\/\/lesormes89110.fr\/wp-content\/uploads\/2020\/06\/CV-KSD-V-194x300.jpg 194w\" sizes=\"auto, (max-width: 248px) 85vw, 248px\" \/><\/a><\/p>\n<p>&nbsp;<\/p>\n<\/div><\/div>\n<\/div><\/div>\n\n\n\n<div class=\"wp-block-group\"><div class=\"wp-block-group__inner-container is-layout-flow wp-block-group-is-layout-flow\">\n<div class=\"wp-block-group\"><div class=\"wp-block-group__inner-container is-layout-flow wp-block-group-is-layout-flow\">\n<div class=\"wp-block-group has-background\" style=\"background-color:#030303\"><div class=\"wp-block-group__inner-container is-layout-flow wp-block-group-is-layout-flow\">\n<h4 style=\"color: black; text-align: center;\"><strong><span style=\"background-color: #000000; color: #ffffff;\"><em>&nbsp; &nbsp; &nbsp; &nbsp; &nbsp; &nbsp; &nbsp; &nbsp; &nbsp; &nbsp; &nbsp; &nbsp;site : <a style=\"color: #ffffff; background-color: #000000;\" href=\"http:\/\/ksdiffusion.com\/\" target=\"_blank\" rel=\"noopener noreferrer\">www.ksdiffusion.com &nbsp; &nbsp;&nbsp;&nbsp;&nbsp;&nbsp;&nbsp;&nbsp;&nbsp;&nbsp;&nbsp;&nbsp;&nbsp;&nbsp;&nbsp;&nbsp;&nbsp;&nbsp;&nbsp;<\/a><\/em><\/span><\/strong><\/h4>\n<h4 style=\"color: black; text-align: center;\"><strong><span style=\"background-color: #000000; color: #ffffff;\"><em>&nbsp; &nbsp; &nbsp; &nbsp; &nbsp; &nbsp; &nbsp; &nbsp; &nbsp;Facebook : <\/em><\/span><span style=\"background-color: #000000; color: #ffffff;\"><em><a style=\"color: #ffffff; background-color: #000000;\" href=\"http:\/\/www.facebook.com\/ksdiffusion\" target=\"_blank\" rel=\"noopener noreferrer\" data-wplink-edit=\"true\">www.facebook.com\/ksdiffusion&nbsp;&nbsp;&nbsp;&nbsp;&nbsp;&nbsp;<\/a><\/em><\/span><\/strong><\/h4>\n<\/div><\/div>\n<\/div><\/div>\n<\/div><\/div>\n\n\n\n<hr class=\"wp-block-separator\"\/>\n\n\n\n<div class=\"wp-block-media-text alignwide has-media-on-the-right is-stacked-on-mobile\"><figure class=\"wp-block-media-text__media\"><img loading=\"lazy\" decoding=\"async\" width=\"136\" height=\"73\" src=\"https:\/\/lesormes89110.fr\/wp-content\/uploads\/2020\/06\/ACFV.png\" alt=\"\" class=\"wp-image-638 size-full\"\/><\/figure><div class=\"wp-block-media-text__content\">\n<p><marquee>Conseil et Formation en mati\u00e8re de S\u00e9curit\u00e9 et de Pr\u00e9vention des risques au travail.<\/marquee><\/p>\n\n\n\n<p>20, route des Touchards \u2013 89110 Les Ormes<\/p>\n\n\n\n<p>03.86.73.61.51 \/ 06.32.51.50.48<\/p>\n\n\n\n<p>Site : <a href=\"http:\/\/www.acfv-consultant.fr\/\">http:\/\/www.acfv-consultant.fr\/<\/a><\/p>\n\n\n<\/div><\/div>\n\n\n\n\n\n<hr class=\"wp-block-separator\"\/>\n\n\n\n<div class=\"wp-block-media-text alignwide is-stacked-on-mobile has-background\" style=\"background-color:#e6da8f\"><figure class=\"wp-block-media-text__media\"><img decoding=\"async\" src=\"https:\/\/gif.toutimages.com\/images\/ani_ferme\/volailles\/volaille_154.gif\" alt=\"\"\/><\/figure><div class=\"wp-block-media-text__content\">\n<p style=\"text-align: center;\"><strong>EARL CONCHAUDRON<\/strong><\/p>\n<p style=\"text-align: center;\">Vente de poulets d\u00e9marr\u00e9s<\/p>\n<p style=\"text-align: center;\">(\u00e0 finir d&rsquo;\u00e9lever)<\/p>\n<p style=\"text-align: center;\">89110 LES ORMES<\/p>\n<p style=\"text-align: center;\"><strong>03 86 73 69 15\u00a0 \/\u00a0 06 13 68 58 72<\/strong><\/p>\n<\/div><\/div>\n\n\n\n<hr class=\"wp-block-separator\"\/>\n\n\n\n<hr class=\"wp-block-separator\"\/>\n\n\n\n<div class=\"wp-block-media-text alignwide is-image-fill is-stacked-on-mobile has-background\" style=\"background-color:#d8b5be\"><figure class=\"wp-block-media-text__media\" style=\"background-image:url(https:\/\/lesormes89110.fr\/wp-content\/uploads\/2020\/06\/Gite-1.jpg);background-position:50% 50%\"><img loading=\"lazy\" decoding=\"async\" width=\"600\" height=\"450\" src=\"https:\/\/lesormes89110.fr\/wp-content\/uploads\/2020\/06\/Gite-1.jpg\" alt=\"\" class=\"wp-image-829 size-full\" srcset=\"https:\/\/lesormes89110.fr\/wp-content\/uploads\/2020\/06\/Gite-1.jpg 600w, https:\/\/lesormes89110.fr\/wp-content\/uploads\/2020\/06\/Gite-1-300x225.jpg 300w\" sizes=\"auto, (max-width: 600px) 85vw, 600px\" \/><\/figure><div class=\"wp-block-media-text__content\">\n<marquee behavior=\"alternate\">**********<\/marquee>\n<marquee behavior=\"alternate\">Le Relais du Precylou<\/marquee>\n<marquee behavior=\"alternate\">**********<\/marquee>\n\n\n\n<p style=\"text-align: center;\">En week-end ou s\u00e9jour familial<\/p>\n<p style=\"text-align: center;\">La halte du Randonneur<\/p>\n<p style=\"text-align: center;\">L&rsquo;accueil du Cavalier et de son Cheval<\/p>\n<p style=\"text-align: center;\">Sur 3 hectares, le Le Relais du Precylou vous accueille en g\u00eete ind\u00e9pendant et tout confort pour 6 personnes.<\/p>\n<p style=\"text-align: center;\">03 86 62 43 37<\/p>\n<p style=\"text-align: center;\">@ :<a href=\"mailto:relais.precylou@orange.fr\"> relais.precylou@orange.fr<\/a><\/p>\n\n\n<\/div><\/div>\n\n\n\n<hr class=\"wp-block-separator\"\/>\n\n\n\n<div class=\"wp-block-group alignwide has-very-light-gray-color has-very-dark-gray-background-color has-text-color has-background\"><div class=\"wp-block-group__inner-container is-layout-flow wp-block-group-is-layout-flow\">\n<div class=\"wp-block-image is-style-default\"><figure class=\"aligncenter size-full\"><img loading=\"lazy\" decoding=\"async\" width=\"769\" height=\"501\" src=\"https:\/\/lesormes89110.fr\/wp-content\/uploads\/2020\/06\/CV-Mamie-and-Co-HD.jpg\" alt=\"\" class=\"wp-image-711\" srcset=\"https:\/\/lesormes89110.fr\/wp-content\/uploads\/2020\/06\/CV-Mamie-and-Co-HD.jpg 769w, https:\/\/lesormes89110.fr\/wp-content\/uploads\/2020\/06\/CV-Mamie-and-Co-HD-300x195.jpg 300w\" sizes=\"auto, (max-width: 769px) 85vw, 769px\" \/><figcaption><a href=\"http:\/\/www.facebook.com\/alexmamieandco89\" target=\"_blank\" aria-label=\" (opens in a new tab)\" rel=\"noreferrer noopener\" class=\"aioseop-link\"><CENTER>http:\/\/www.facebook.com\/alexmamieandco89<CENTER><\/a><\/figcaption><\/figure><\/div><p><br data-mce-bogus=\"1\"><\/p>\n<\/div><\/div>\n\n\n\n<hr class=\"wp-block-separator\"\/>\n\n\n\n<div class=\"wp-block-group\"><div class=\"wp-block-group__inner-container is-layout-flow wp-block-group-is-layout-flow\">\n<figure class=\"wp-block-image size-large is-style-default\"><img loading=\"lazy\" decoding=\"async\" width=\"1024\" height=\"659\" src=\"https:\/\/lesormes89110.fr\/wp-content\/uploads\/2021\/08\/IMG_20210801_201304-1024x659.jpg\" alt=\"\" class=\"wp-image-1348\" srcset=\"https:\/\/lesormes89110.fr\/wp-content\/uploads\/2021\/08\/IMG_20210801_201304-1024x659.jpg 1024w, https:\/\/lesormes89110.fr\/wp-content\/uploads\/2021\/08\/IMG_20210801_201304-300x193.jpg 300w, https:\/\/lesormes89110.fr\/wp-content\/uploads\/2021\/08\/IMG_20210801_201304-768x495.jpg 768w, https:\/\/lesormes89110.fr\/wp-content\/uploads\/2021\/08\/IMG_20210801_201304-1536x989.jpg 1536w, https:\/\/lesormes89110.fr\/wp-content\/uploads\/2021\/08\/IMG_20210801_201304-2048x1319.jpg 2048w, https:\/\/lesormes89110.fr\/wp-content\/uploads\/2021\/08\/IMG_20210801_201304-1320x850.jpg 1320w\" sizes=\"auto, (max-width: 709px) 85vw, (max-width: 909px) 67vw, (max-width: 1362px) 62vw, 840px\" \/><\/figure>\n\n\n\n<figure class=\"wp-block-image size-large is-style-default\"><img loading=\"lazy\" decoding=\"async\" width=\"1024\" height=\"657\" src=\"https:\/\/lesormes89110.fr\/wp-content\/uploads\/2021\/08\/IMG_20210801_201209-1024x657.jpg\" alt=\"\" class=\"wp-image-1349\" srcset=\"https:\/\/lesormes89110.fr\/wp-content\/uploads\/2021\/08\/IMG_20210801_201209-1024x657.jpg 1024w, https:\/\/lesormes89110.fr\/wp-content\/uploads\/2021\/08\/IMG_20210801_201209-300x192.jpg 300w, https:\/\/lesormes89110.fr\/wp-content\/uploads\/2021\/08\/IMG_20210801_201209-768x493.jpg 768w, https:\/\/lesormes89110.fr\/wp-content\/uploads\/2021\/08\/IMG_20210801_201209-1536x986.jpg 1536w, https:\/\/lesormes89110.fr\/wp-content\/uploads\/2021\/08\/IMG_20210801_201209-2048x1314.jpg 2048w, https:\/\/lesormes89110.fr\/wp-content\/uploads\/2021\/08\/IMG_20210801_201209-1320x847.jpg 1320w\" sizes=\"auto, (max-width: 709px) 85vw, (max-width: 909px) 67vw, (max-width: 1362px) 62vw, 840px\" \/><\/figure>\n\n\n\n<hr class=\"wp-block-separator\"\/>\n<\/div><\/div>\n","protected":false},"excerpt":{"rendered":"<p>Si vous \u00eates de la commune \u00ab\u00a0Les Ormes\u00a0\u00bb et que votre entreprise n\u2019appara\u00eet pas ici, vous pouvez en faire la demande (par l&rsquo;interm\u00e9diaire de la page Contact ou en mairie). &nbsp; &nbsp; &nbsp; &nbsp; &nbsp; &nbsp; &nbsp; &nbsp; &nbsp; &nbsp; &nbsp; &nbsp; &nbsp; &nbsp; &nbsp; &nbsp;site : www.ksdiffusion.com &nbsp; &nbsp;&nbsp;&nbsp;&nbsp;&nbsp;&nbsp;&nbsp;&nbsp;&nbsp;&nbsp;&nbsp;&nbsp;&nbsp;&nbsp;&nbsp;&nbsp;&nbsp;&nbsp; &nbsp; &nbsp; &nbsp; &nbsp; &nbsp; &hellip; <a href=\"https:\/\/lesormes89110.fr\/index.php\/entreprises\/\" class=\"more-link\">Continuer la lecture<span class=\"screen-reader-text\"> de &laquo;&nbsp;Entreprises&nbsp;&raquo;<\/span><\/a><\/p>\n","protected":false},"author":1,"featured_media":0,"parent":0,"menu_order":0,"comment_status":"closed","ping_status":"closed","template":"","meta":{"footnotes":""},"class_list":["post-505","page","type-page","status-publish","hentry"],"aioseo_notices":[],"_links":{"self":[{"href":"https:\/\/lesormes89110.fr\/index.php\/wp-json\/wp\/v2\/pages\/505","targetHints":{"allow":["GET"]}}],"collection":[{"href":"https:\/\/lesormes89110.fr\/index.php\/wp-json\/wp\/v2\/pages"}],"about":[{"href":"https:\/\/lesormes89110.fr\/index.php\/wp-json\/wp\/v2\/types\/page"}],"author":[{"embeddable":true,"href":"https:\/\/lesormes89110.fr\/index.php\/wp-json\/wp\/v2\/users\/1"}],"replies":[{"embeddable":true,"href":"https:\/\/lesormes89110.fr\/index.php\/wp-json\/wp\/v2\/comments?post=505"}],"version-history":[{"count":61,"href":"https:\/\/lesormes89110.fr\/index.php\/wp-json\/wp\/v2\/pages\/505\/revisions"}],"predecessor-version":[{"id":1353,"href":"https:\/\/lesormes89110.fr\/index.php\/wp-json\/wp\/v2\/pages\/505\/revisions\/1353"}],"wp:attachment":[{"href":"https:\/\/lesormes89110.fr\/index.php\/wp-json\/wp\/v2\/media?parent=505"}],"curies":[{"name":"wp","href":"https:\/\/api.w.org\/{rel}","templated":true}]}}